{"id":434,"date":"2025-01-25T01:38:51","date_gmt":"2025-01-25T00:38:51","guid":{"rendered":"https:\/\/association-nigeriens-toulouse.fr\/?page_id=434"},"modified":"2025-08-04T00:49:55","modified_gmt":"2025-08-03T22:49:55","slug":"contacts","status":"publish","type":"page","link":"https:\/\/association-nigeriens-toulouse.fr\/?page_id=434","title":{"rendered":"Contactez-nous"},"content":{"rendered":"\n<div style=\"max-width: 900px; margin: 0 auto; padding: 2rem; color: #1a1a1a; font-size: 1.05rem; line-height: 1.6;\">\n  <section style=\"margin-bottom: 3rem;\">\n    <h2 style=\"text-align: center;\">Nous contacter<\/h2>\n    <p style=\"text-align: center;\">\n      Une question, une suggestion ou une envie de rejoindre notre association ? N&rsquo;h\u00e9sitez pas \u00e0 nous \u00e9crire ou \u00e0 venir nous rencontrer.\n    <\/p>\n  <\/section>\n\n  <section style=\"margin-bottom: 2.5rem;\">\n    <h3 style=\"text-align: center;\">Nos coordonn\u00e9es<\/h3>\n    <ul style=\"list-style: none; padding: 0; text-align: center;\">\n      <li><strong>\ud83d\udccd Adresse :<\/strong> 2 Rue Maria Mombiola, 31400 Toulouse<\/li>\n      <li><strong>\u2709\ufe0f E-mail :<\/strong> <a href=\"mailto:bureau.ant31@gmail.com\">bureau.ant31@gmail.com<\/a><\/li>\n    <\/ul>\n  <\/section>\n\n  <section style=\"margin-bottom: 3rem;\">\n    <h3 style=\"text-align: center;\">R\u00e9seaux sociaux<\/h3>\n    <p style=\"text-align: center;\">Suivez-nous pour rester inform\u00e9 de nos actions et \u00e9v\u00e9nements :<\/p>\n    <div style=\"display: flex; justify-content: center; gap: 20px; flex-wrap: wrap; margin-top: 1rem;\">\n      <a href=\"https:\/\/www.facebook.com\/ant.toulouse.5\" target=\"_blank\" rel=\"noopener noreferrer\"\n         style=\"background-color: #3b5998; color: #fff; padding: 10px 18px; border-radius: 6px; text-decoration: none; font-weight: bold;\">\n         \ud83d\udcd8 ANT sur Facebook\n      <\/a>\n      <a href=\"https:\/\/www.linkedin.com\/company\/association-des-nig\u00e9riens-de-toulouse\/\" target=\"_blank\" rel=\"noopener noreferrer\"\n         style=\"background-color: #0077b5; color: #fff; padding: 10px 18px; border-radius: 6px; text-decoration: none; font-weight: bold;\">\n         \ud83d\udcbc ANT sur LinkedIn\n      <\/a>\n    <\/div>\n  <\/section>\n\n  <section style=\"margin-bottom: 3rem;\">\n    <h3 style=\"text-align: center;\">Plan d\u2019acc\u00e8s<\/h3>\n    <div style=\"position: relative; padding-bottom: 56.25%; height: 0; overflow: hidden; border-radius: 12px; box-shadow: 0 0 10px rgba(0,0,0,0.1);\">\n      <iframe \n        src=\"https:\/\/www.google.com\/maps\/embed?pb=!1m18!1m12!1m3!1d722.5930727500676!2d1.4391172696643555!3d43.577959469740215!2m3!1f0!2f0!3f0!3m2!1i1024!2i768!4f13.1!3m3!1m2!1s0x12aebb892019e3f3%3A0x494e034f2b8d14ff!2s2%20Rue%20Maria%20Mombiola%2C%2031400%20Toulouse!5e0!3m2!1sfr!2sfr&#038;maptype=satellite\" \n        width=\"100%\" \n        height=\"100%\" \n        style=\"position: absolute; top: 0; left: 0; border:0;\" \n        allowfullscreen=\"\" \n        loading=\"lazy\" \n        referrerpolicy=\"no-referrer-when-downgrade\">\n      <\/iframe>\n    <\/div>\n  <\/section>\n\n  <section style=\"margin-bottom: 2rem;\">\n    <h3 style=\"text-align: center;\">Formulaire de contact<\/h3>\n    <p style=\"text-align: center;\">\n      Vous pouvez \u00e9galement nous \u00e9crire directement via ce formulaire. Nous vous r\u00e9pondrons dans les plus brefs d\u00e9lais.\n    <\/p>\n    <!-- Formulaire int\u00e9gr\u00e9 via plugin ou shortcode WordPress -->\n  <\/section>\n\n<\/div>\n\n\n\n\n<div class=\"wpcf7 no-js\" id=\"wpcf7-f438-o1\" lang=\"fr-FR\" dir=\"ltr\" data-wpcf7-id=\"438\">\n<div class=\"screen-reader-response\"><p role=\"status\" aria-live=\"polite\" aria-atomic=\"true\"><\/p> <ul><\/ul><\/div>\n<form action=\"\/index.php?rest_route=%2Fwp%2Fv2%2Fpages%2F434#wpcf7-f438-o1\" method=\"post\" class=\"wpcf7-form init\" aria-label=\"Formulaire de contact\" novalidate=\"novalidate\" data-status=\"init\">\n<fieldset class=\"hidden-fields-container\"><input type=\"hidden\" name=\"_wpcf7\" value=\"438\" \/><input type=\"hidden\" name=\"_wpcf7_version\" value=\"6.1.5\" \/><input type=\"hidden\" name=\"_wpcf7_locale\" value=\"fr_FR\" \/><input type=\"hidden\" name=\"_wpcf7_unit_tag\" value=\"wpcf7-f438-o1\" \/><input type=\"hidden\" name=\"_wpcf7_container_post\" value=\"0\" \/><input type=\"hidden\" name=\"_wpcf7_posted_data_hash\" value=\"\" \/>\n<\/fieldset>\n<p><label> Votre nom<br \/>\n<span class=\"wpcf7-form-control-wrap\" data-name=\"your-name\"><input size=\"40\" maxlength=\"400\" class=\"wpcf7-form-control wpcf7-text wpcf7-validates-as-required\" autocomplete=\"name\" aria-required=\"true\" aria-invalid=\"false\" value=\"\" type=\"text\" name=\"your-name\" \/><\/span> <\/label>\n<\/p>\n<p><label> Votre e-mail<br \/>\n<span class=\"wpcf7-form-control-wrap\" data-name=\"your-email\"><input size=\"40\" maxlength=\"400\" class=\"wpcf7-form-control wpcf7-email wpcf7-validates-as-required wpcf7-text wpcf7-validates-as-email\" autocomplete=\"email\" aria-required=\"true\" aria-invalid=\"false\" value=\"\" type=\"email\" name=\"your-email\" \/><\/span> <\/label>\n<\/p>\n<p><label> Objet<br \/>\n<span class=\"wpcf7-form-control-wrap\" data-name=\"your-subject\"><input size=\"40\" maxlength=\"400\" class=\"wpcf7-form-control wpcf7-text wpcf7-validates-as-required\" aria-required=\"true\" aria-invalid=\"false\" value=\"\" type=\"text\" name=\"your-subject\" \/><\/span> <\/label>\n<\/p>\n<p><label> Votre message (facultatif)<br \/>\n<span class=\"wpcf7-form-control-wrap\" data-name=\"your-message\"><textarea cols=\"40\" rows=\"10\" maxlength=\"2000\" class=\"wpcf7-form-control wpcf7-textarea wpcf7-validates-as-required\" aria-required=\"true\" aria-invalid=\"false\" name=\"your-message\"><\/textarea><\/span> <\/label>\n<\/p>\n<p><input class=\"wpcf7-form-control wpcf7-submit has-spinner\" type=\"submit\" value=\"Envoyer\" \/>\n<\/p><div class=\"wpcf7-response-output\" aria-hidden=\"true\"><\/div>\n<\/form>\n<\/div>\n\n\n\n\n<p><\/p>\n","protected":false},"excerpt":{"rendered":"<p>Nous contacter Une question, une suggestion ou une envie de rejoindre notre association ? N&rsquo;h\u00e9sitez pas \u00e0 nous \u00e9crire ou \u00e0 venir nous rencontrer. Nos coordonn\u00e9es \ud83d\udccd Adresse : 2 Rue Maria Mombiola, 31400 Toulouse \u2709\ufe0f E-mail : bureau.ant31@gmail.com R\u00e9seaux sociaux Suivez-nous pour rester inform\u00e9 de nos actions et \u00e9v\u00e9nements : \ud83d\udcd8 ANT sur Facebook [&hellip;]<\/p>\n","protected":false},"author":2,"featured_media":14,"parent":0,"menu_order":0,"comment_status":"closed","ping_status":"closed","template":"","meta":{"footnotes":""},"class_list":["post-434","page","type-page","status-publish","has-post-thumbnail","hentry"],"_links":{"self":[{"href":"https:\/\/association-nigeriens-toulouse.fr\/index.php?rest_route=\/wp\/v2\/pages\/434","targetHints":{"allow":["GET"]}}],"collection":[{"href":"https:\/\/association-nigeriens-toulouse.fr\/index.php?rest_route=\/wp\/v2\/pages"}],"about":[{"href":"https:\/\/association-nigeriens-toulouse.fr\/index.php?rest_route=\/wp\/v2\/types\/page"}],"author":[{"embeddable":true,"href":"https:\/\/association-nigeriens-toulouse.fr\/index.php?rest_route=\/wp\/v2\/users\/2"}],"replies":[{"embeddable":true,"href":"https:\/\/association-nigeriens-toulouse.fr\/index.php?rest_route=%2Fwp%2Fv2%2Fcomments&post=434"}],"version-history":[{"count":18,"href":"https:\/\/association-nigeriens-toulouse.fr\/index.php?rest_route=\/wp\/v2\/pages\/434\/revisions"}],"predecessor-version":[{"id":507,"href":"https:\/\/association-nigeriens-toulouse.fr\/index.php?rest_route=\/wp\/v2\/pages\/434\/revisions\/507"}],"wp:featuredmedia":[{"embeddable":true,"href":"https:\/\/association-nigeriens-toulouse.fr\/index.php?rest_route=\/wp\/v2\/media\/14"}],"wp:attachment":[{"href":"https:\/\/association-nigeriens-toulouse.fr\/index.php?rest_route=%2Fwp%2Fv2%2Fmedia&parent=434"}],"curies":[{"name":"wp","href":"https:\/\/api.w.org\/{rel}","templated":true}]}}